{"id":512,"date":"2016-12-27T23:11:18","date_gmt":"2016-12-27T22:11:18","guid":{"rendered":"http:\/\/only4you.be\/club-libertin\/?page_id=512\/"},"modified":"2018-12-26T15:06:49","modified_gmt":"2018-12-26T14:06:49","slug":"quartier-rouge","status":"publish","type":"page","link":"https:\/\/only4you.be\/club-libertin\/quartier-rouge\/","title":{"rendered":"QUARTIER ROUGE"},"content":{"rendered":"<section class=\"l-section wpb_row height_medium full_height valign_center color_alternate with_img\" id=\"decembre\"><div class=\"l-section-img\" role=\"img\" aria-label=\"Only 4 You Club Libertin\" data-img-width=\"460\" data-img-height=\"460\" style=\"background-image: url(https:\/\/only4you.be\/club-libertin\/wp-content\/uploads\/2016\/11\/background-only.jpg);background-size: auto;\"><\/div><div class=\"l-section-overlay\" style=\"background:rgba(0,0,0,0.37)\"><\/div><div class=\"l-section-h i-cf\"><div class=\"g-cols vc_row via_flex valign_middle type_default stacking_default\"><div class=\"vc_col-sm-12 wpb_column vc_column_container align_center\"><div class=\"vc_column-inner\"><div class=\"wpb_wrapper\"><div class=\"w-separator size_large\"><\/div><div class=\"w-separator size_small with_line width_30 thick_1 style_double color_primary align_center with_content\"><div class=\"w-separator-h\"><i class=\"far fa-heart\"><\/i><\/div><\/div><div id=\"ult-carousel-84292765069f9b86954a43\" class=\"ult-carousel-wrapper   ult_horizontal\" data-gutter=\"0\" data-rtl=\"false\" ><div class=\"ult-carousel-97059215369f9b869548d6 \" ><div class=\"ult-item-wrap\" data-animation=\"animated fadeIn\"><div class=\"w-image align_center\"><a href=\"https:\/\/www.quartier-rouge.be\/\" aria-label=\"Page-05\" class=\"w-image-h\"><img decoding=\"async\" width=\"2551\" height=\"3579\" src=\"https:\/\/only4you.be\/club-libertin\/wp-content\/uploads\/2018\/08\/Page-05.jpg\" class=\"attachment-full size-full\" alt=\"\" loading=\"lazy\" srcset=\"https:\/\/only4you.be\/club-libertin\/wp-content\/uploads\/2018\/08\/Page-05.jpg 2551w, https:\/\/only4you.be\/club-libertin\/wp-content\/uploads\/2018\/08\/Page-05-214x300.jpg 214w, https:\/\/only4you.be\/club-libertin\/wp-content\/uploads\/2018\/08\/Page-05-768x1077.jpg 768w, https:\/\/only4you.be\/club-libertin\/wp-content\/uploads\/2018\/08\/Page-05-730x1024.jpg 730w, https:\/\/only4you.be\/club-libertin\/wp-content\/uploads\/2018\/08\/Page-05-600x842.jpg 600w\" sizes=\"auto, (max-width: 2551px) 100vw, 2551px\" \/><\/a><\/div><\/div><\/div><\/div>\t\t\t<script type=\"text\/javascript\">\n\t\t\t\tjQuery(document).ready(function ($) {\n\t\t\t\t\tif( typeof jQuery('.ult-carousel-97059215369f9b869548d6').slick == \"function\"){\n\t\t\t\t\t\t$('.ult-carousel-97059215369f9b869548d6').slick({dots: false,autoplay: true,autoplaySpeed: \"2000\",speed: \"800\",infinite: true,arrows: true,nextArrow: '<button type=\"button\" role=\"button\" aria-label=\"Next\" style=\"color:#ffffff; font-size:50px;background:rgba(0,0,0,0.01);\" class=\"slick-next circle-bg\"><i class=\"ultsl-arrow-right6\"><\/i><\/button>',prevArrow: '<button type=\"button\" role=\"button\" aria-label=\"Previous\" style=\"color:#ffffff; font-size:50px;background:rgba(0,0,0,0.01);\" class=\"slick-prev circle-bg\"><i class=\"ultsl-arrow-left6\"><\/i><\/button>',slidesToScroll:1,slidesToShow:1,swipe: true,draggable: true,touchMove: true,pauseOnHover: true,pauseOnFocus: false,adaptiveHeight: true,responsive: [\n\t\t\t\t\t\t\t{\n\t\t\t\t\t\t\t  breakpoint: 1026,\n\t\t\t\t\t\t\t  settings: {\n\t\t\t\t\t\t\t\tslidesToShow: 1,\n\t\t\t\t\t\t\t\tslidesToScroll: 1,  \n\t\t\t\t\t\t\t  }\n\t\t\t\t\t\t\t},\n\t\t\t\t\t\t\t{\n\t\t\t\t\t\t\t  breakpoint: 1025,\n\t\t\t\t\t\t\t  settings: {\n\t\t\t\t\t\t\t\tslidesToShow: 1,\n\t\t\t\t\t\t\t\tslidesToScroll: 1\n\t\t\t\t\t\t\t  }\n\t\t\t\t\t\t\t},\n\t\t\t\t\t\t\t{\n\t\t\t\t\t\t\t  breakpoint: 760,\n\t\t\t\t\t\t\t  settings: {\n\t\t\t\t\t\t\t\tslidesToShow: 1,\n\t\t\t\t\t\t\t\tslidesToScroll: 1\n\t\t\t\t\t\t\t  }\n\t\t\t\t\t\t\t}\n\t\t\t\t\t\t],pauseOnDotsHover: true,customPaging: function(slider, i) {\n                   return '<i type=\"button\" style= \"color:#333333;\" class=\"ultsl-record\" data-role=\"none\"><\/i>';\n                },});\n\t\t\t\t\t}\n\t\t\t\t});\n\t\t\t<\/script>\n\t\t\t<\/div><\/div><\/div><\/div><\/div><\/section>\n","protected":false},"excerpt":{"rendered":"","protected":false},"author":2,"featured_media":0,"parent":0,"menu_order":0,"comment_status":"closed","ping_status":"open","template":"","meta":{"footnotes":""},"class_list":["post-512","page","type-page","status-publish","hentry"],"yoast_head":"<!-- This site is optimized with the Yoast SEO plugin v27.5 - https:\/\/yoast.com\/product\/yoast-seo-wordpress\/ -->\n<title>QUARTIER ROUGE - Only 4 You<\/title>\n<meta name=\"description\" content=\"Only 4 you Club libertin, club priv\u00e9 Route de Sartiaux 3 - 6567 Fontaine-Valmont (Belgique) vous propose des soir\u00e9es inoubliables en d\u00e9cembre\" \/>\n<meta name=\"robots\" content=\"index, follow, max-snippet:-1, max-image-preview:large, max-video-preview:-1\" \/>\n<link rel=\"canonical\" href=\"https:\/\/only4you.be\/club-libertin\/quartier-rouge\/\" \/>\n<meta property=\"og:locale\" content=\"fr_FR\" \/>\n<meta property=\"og:type\" content=\"article\" \/>\n<meta property=\"og:title\" content=\"QUARTIER ROUGE - Only 4 You\" \/>\n<meta property=\"og:description\" content=\"Only 4 you Club libertin, club priv\u00e9 Route de Sartiaux 3 - 6567 Fontaine-Valmont (Belgique) vous propose des soir\u00e9es inoubliables en d\u00e9cembre\" \/>\n<meta property=\"og:url\" content=\"https:\/\/only4you.be\/club-libertin\/quartier-rouge\/\" \/>\n<meta property=\"og:site_name\" content=\"Only 4 You\" \/>\n<meta property=\"article:modified_time\" content=\"2018-12-26T14:06:49+00:00\" \/>\n<meta name=\"twitter:card\" content=\"summary_large_image\" \/>\n<meta name=\"twitter:label1\" content=\"Dur\u00e9e de lecture estim\u00e9e\" \/>\n\t<meta name=\"twitter:data1\" content=\"1 minute\" \/>\n<script type=\"application\/ld+json\" class=\"yoast-schema-graph\">{\"@context\":\"https:\\\/\\\/schema.org\",\"@graph\":[{\"@type\":\"WebPage\",\"@id\":\"https:\\\/\\\/only4you.be\\\/club-libertin\\\/quartier-rouge\\\/\",\"url\":\"https:\\\/\\\/only4you.be\\\/club-libertin\\\/quartier-rouge\\\/\",\"name\":\"QUARTIER ROUGE - Only 4 You\",\"isPartOf\":{\"@id\":\"https:\\\/\\\/only4you.be\\\/club-libertin\\\/nl\\\/#website\"},\"datePublished\":\"2016-12-27T22:11:18+00:00\",\"dateModified\":\"2018-12-26T14:06:49+00:00\",\"description\":\"Only 4 you Club libertin, club priv\u00e9 Route de Sartiaux 3 - 6567 Fontaine-Valmont (Belgique) vous propose des soir\u00e9es inoubliables en d\u00e9cembre\",\"breadcrumb\":{\"@id\":\"https:\\\/\\\/only4you.be\\\/club-libertin\\\/quartier-rouge\\\/#breadcrumb\"},\"inLanguage\":\"fr-FR\",\"potentialAction\":[{\"@type\":\"ReadAction\",\"target\":[\"https:\\\/\\\/only4you.be\\\/club-libertin\\\/quartier-rouge\\\/\"]}]},{\"@type\":\"BreadcrumbList\",\"@id\":\"https:\\\/\\\/only4you.be\\\/club-libertin\\\/quartier-rouge\\\/#breadcrumb\",\"itemListElement\":[{\"@type\":\"ListItem\",\"position\":1,\"name\":\"Accueil\",\"item\":\"https:\\\/\\\/only4you.be\\\/club-libertin\\\/\"},{\"@type\":\"ListItem\",\"position\":2,\"name\":\"QUARTIER ROUGE\"}]},{\"@type\":\"WebSite\",\"@id\":\"https:\\\/\\\/only4you.be\\\/club-libertin\\\/nl\\\/#website\",\"url\":\"https:\\\/\\\/only4you.be\\\/club-libertin\\\/nl\\\/\",\"name\":\"Only 4 You\",\"description\":\"Club Libertin\",\"potentialAction\":[{\"@type\":\"SearchAction\",\"target\":{\"@type\":\"EntryPoint\",\"urlTemplate\":\"https:\\\/\\\/only4you.be\\\/club-libertin\\\/nl\\\/?s={search_term_string}\"},\"query-input\":{\"@type\":\"PropertyValueSpecification\",\"valueRequired\":true,\"valueName\":\"search_term_string\"}}],\"inLanguage\":\"fr-FR\"}]}<\/script>\n<!-- \/ Yoast SEO plugin. -->","yoast_head_json":{"title":"QUARTIER ROUGE - Only 4 You","description":"Only 4 you Club libertin, club priv\u00e9 Route de Sartiaux 3 - 6567 Fontaine-Valmont (Belgique) vous propose des soir\u00e9es inoubliables en d\u00e9cembre","robots":{"index":"index","follow":"follow","max-snippet":"max-snippet:-1","max-image-preview":"max-image-preview:large","max-video-preview":"max-video-preview:-1"},"canonical":"https:\/\/only4you.be\/club-libertin\/quartier-rouge\/","og_locale":"fr_FR","og_type":"article","og_title":"QUARTIER ROUGE - Only 4 You","og_description":"Only 4 you Club libertin, club priv\u00e9 Route de Sartiaux 3 - 6567 Fontaine-Valmont (Belgique) vous propose des soir\u00e9es inoubliables en d\u00e9cembre","og_url":"https:\/\/only4you.be\/club-libertin\/quartier-rouge\/","og_site_name":"Only 4 You","article_modified_time":"2018-12-26T14:06:49+00:00","twitter_card":"summary_large_image","twitter_misc":{"Dur\u00e9e de lecture estim\u00e9e":"1 minute"},"schema":{"@context":"https:\/\/schema.org","@graph":[{"@type":"WebPage","@id":"https:\/\/only4you.be\/club-libertin\/quartier-rouge\/","url":"https:\/\/only4you.be\/club-libertin\/quartier-rouge\/","name":"QUARTIER ROUGE - Only 4 You","isPartOf":{"@id":"https:\/\/only4you.be\/club-libertin\/nl\/#website"},"datePublished":"2016-12-27T22:11:18+00:00","dateModified":"2018-12-26T14:06:49+00:00","description":"Only 4 you Club libertin, club priv\u00e9 Route de Sartiaux 3 - 6567 Fontaine-Valmont (Belgique) vous propose des soir\u00e9es inoubliables en d\u00e9cembre","breadcrumb":{"@id":"https:\/\/only4you.be\/club-libertin\/quartier-rouge\/#breadcrumb"},"inLanguage":"fr-FR","potentialAction":[{"@type":"ReadAction","target":["https:\/\/only4you.be\/club-libertin\/quartier-rouge\/"]}]},{"@type":"BreadcrumbList","@id":"https:\/\/only4you.be\/club-libertin\/quartier-rouge\/#breadcrumb","itemListElement":[{"@type":"ListItem","position":1,"name":"Accueil","item":"https:\/\/only4you.be\/club-libertin\/"},{"@type":"ListItem","position":2,"name":"QUARTIER ROUGE"}]},{"@type":"WebSite","@id":"https:\/\/only4you.be\/club-libertin\/nl\/#website","url":"https:\/\/only4you.be\/club-libertin\/nl\/","name":"Only 4 You","description":"Club Libertin","potentialAction":[{"@type":"SearchAction","target":{"@type":"EntryPoint","urlTemplate":"https:\/\/only4you.be\/club-libertin\/nl\/?s={search_term_string}"},"query-input":{"@type":"PropertyValueSpecification","valueRequired":true,"valueName":"search_term_string"}}],"inLanguage":"fr-FR"}]}},"_links":{"self":[{"href":"https:\/\/only4you.be\/club-libertin\/wp-json\/wp\/v2\/pages\/512","targetHints":{"allow":["GET"]}}],"collection":[{"href":"https:\/\/only4you.be\/club-libertin\/wp-json\/wp\/v2\/pages"}],"about":[{"href":"https:\/\/only4you.be\/club-libertin\/wp-json\/wp\/v2\/types\/page"}],"author":[{"embeddable":true,"href":"https:\/\/only4you.be\/club-libertin\/wp-json\/wp\/v2\/users\/2"}],"replies":[{"embeddable":true,"href":"https:\/\/only4you.be\/club-libertin\/wp-json\/wp\/v2\/comments?post=512"}],"version-history":[{"count":13,"href":"https:\/\/only4you.be\/club-libertin\/wp-json\/wp\/v2\/pages\/512\/revisions"}],"predecessor-version":[{"id":3068,"href":"https:\/\/only4you.be\/club-libertin\/wp-json\/wp\/v2\/pages\/512\/revisions\/3068"}],"wp:attachment":[{"href":"https:\/\/only4you.be\/club-libertin\/wp-json\/wp\/v2\/media?parent=512"}],"curies":[{"name":"wp","href":"https:\/\/api.w.org\/{rel}","templated":true}]}}