{"id":407,"date":"2016-12-23T14:42:28","date_gmt":"2016-12-23T13:42:28","guid":{"rendered":"http:\/\/only4you.be\/club-libertin?page_id=407\/"},"modified":"2020-11-11T10:29:40","modified_gmt":"2020-11-11T09:29:40","slug":"contact-only-4-you","status":"publish","type":"page","link":"https:\/\/only4you.be\/club-libertin\/contact-only-4-you\/","title":{"rendered":"contact Only 4 You"},"content":{"rendered":"<section class=\"l-section wpb_row height_auto width_full\"><div class=\"l-section-h i-cf\"><div class=\"g-cols vc_row via_flex valign_top type_default stacking_default\"><div class=\"vc_col-sm-12 wpb_column vc_column_container\"><div class=\"vc_column-inner\"><div class=\"wpb_wrapper\">[vc_raw_html]JTNDaWZyYW1lJTIwc3JjJTNEJTIyaHR0cHMlM0ElMkYlMkZ3d3cuZ29vZ2xlLmNvbSUyRm1hcHMlMkZlbWJlZCUzRnBiJTNEJTIxMW0xOCUyMTFtMTIlMjExbTMlMjExZDU3NDkyLjc3NjIwMTMzNzY1JTIxMmQ0LjE1ODYzNzI1MTM1MDU5JTIxM2Q1MC4yNzk0NzY2NTQwNjQyNyUyMTJtMyUyMTFmMCUyMTJmMCUyMTNmMCUyMTNtMiUyMTFpMTAyNCUyMTJpNzY4JTIxNGYxMy4xJTIxM20zJTIxMW0yJTIxMXMweDQ3YzIzZGM1MWUwZjhhYjklMjUzQTB4ZmUzZjg5OTE2NzZlNmM2YiUyMTJzT25seTRZb3UlMjE1ZTAlMjEzbTIlMjExc2ZyJTIxMnNmciUyMTR2MTQ4MjQ5OTk4NzA2MCUyMiUyMHdpZHRoJTNEJTIyMTAwJTI1JTIyJTIwaGVpZ2h0JTNEJTIyMzUwJTIyJTIwZnJhbWVib3JkZXIlM0QlMjIwJTIyJTIwc3R5bGUlM0QlMjJib3JkZXIlM0EwJTIyJTIwYWxsb3dmdWxsc2NyZWVuJTNFJTNDJTJGaWZyYW1lJTNF[\/vc_raw_html]<\/div><\/div><\/div><\/div><\/div><\/section><section class=\"l-section wpb_row us_custom_e777ee55 has_text_color height_medium\"><div class=\"l-section-h i-cf\"><div class=\"g-cols vc_row via_flex valign_top type_default stacking_default\"><div class=\"vc_col-sm-4 wpb_column vc_column_container\"><div class=\"vc_column-inner\"><div class=\"wpb_wrapper\"><div class=\"wpb_text_column\"><div class=\"wpb_wrapper\"><h3>Suivez-nous !<\/h3>\n<\/div><\/div><div class=\"w-socials us_custom_a6ceb248 color_text shape_rounded style_outlined hover_fade\" style=\"--gap:0.1em;\"><div class=\"w-socials-list\"><div class=\"w-socials-item facebook\"><a target=\"_blank\" rel=\"nofollow\" href=\"https:\/\/www.facebook.com\/pages\/Only-4-You\/186886444680110\" class=\"w-socials-item-link\" aria-label=\"Facebook\"><span class=\"w-socials-item-link-hover\"><\/span><i class=\"fab fa-facebook\"><\/i><\/a><div class=\"w-socials-item-popup\"><span>Facebook<\/span><\/div><\/div><div class=\"w-socials-item twitter\"><a target=\"_blank\" rel=\"nofollow\" href=\"https:\/\/twitter.com\/clubonly4you\" class=\"w-socials-item-link\" aria-label=\"X\"><span class=\"w-socials-item-link-hover\"><\/span><i class=\"fab fa-x-twitter\"><svg style=\"width:1em; margin-bottom:-.1em;\" xmlns=\"http:\/\/www.w3.org\/2000\/svg\" viewBox=\"0 0 512 512\" role=\"presentation\"><path fill=\"currentColor\" d=\"M389.2 48h70.6L305.6 224.2 487 464H345L233.7 318.6 106.5 464H35.8L200.7 275.5 26.8 48H172.4L272.9 180.9 389.2 48zM364.4 421.8h39.1L151.1 88h-42L364.4 421.8z\"\/><\/svg><\/i><\/a><div class=\"w-socials-item-popup\"><span>X<\/span><\/div><\/div><\/div><\/div><div class=\"w-separator size_medium\"><\/div><div class=\"wpb_text_column\"><div class=\"wpb_wrapper\"><h3>Info contact<\/h3>\n<\/div><\/div><div class=\"w-contacts\"><div class=\"w-contacts-list\"><div class=\"w-contacts-item for_address\"><span class=\"w-contacts-item-value\">Route de Sartiaux 3 ou Rue Fond de nos Bois \/ 6567 Fontaine-Valmont (Belgi\u00eb)<\/span><\/div><div class=\"w-contacts-item for_phone\"><span class=\"w-contacts-item-value\">+32 (0)71 50 66 25<\/span><\/div><div class=\"w-contacts-item for_email\"><span class=\"w-contacts-item-value\"><a href=\"mailto:contact@only4you.be\">contact@only4you.be<\/a><\/span><\/div><\/div><\/div><div class=\"w-separator size_small\"><\/div><\/div><\/div><\/div><div class=\"vc_col-sm-8 wpb_column vc_column_container\"><div class=\"vc_column-inner\"><div class=\"wpb_wrapper\"><div class=\"wpb_text_column\"><div class=\"wpb_wrapper\"><h3><strong><span class=\"titre\">DES QUESTIONS OU DES REMARQUES ?<\/span><\/strong><\/h3>\n<p><strong>N\u2019h\u00e9sitez pas \u00e0 nous envoyer un message :<\/strong><\/p>\n<\/div><\/div><form class=\"w-form  us-field-style_1 layout_ver show_message_after_sending for_cform us_form_1\" action=\"https:\/\/only4you.be\/club-libertin\/club-libertin\/wp-json\/wp\/v2\/pages\/407\" method=\"post\"><div class=\"w-form-h\"><div class=\"w-form-row for_text required with_icon\">\r\n\t\t<div class=\"w-form-row-field\">\r\n\t\t\t\t<i class=\"far fa-user\"><\/i>\t\t<input aria-label=\"Nom\" type=\"text\" name=\"us_form_1_text_1\" value placeholder=\"Nom *\" data-required=\"true\" aria-required=\"true\"\/>\r\n\t\t\t<\/div>\r\n\t\t<div class=\"w-form-row-state\">Vous devez remplir ce champ<\/div>\r\n<\/div>\r\n<div class=\"w-form-row for_text required with_icon\">\r\n\t\t<div class=\"w-form-row-field\">\r\n\t\t\t\t<i class=\"far fa-envelope\"><\/i>\t\t<input aria-label=\"Adresse de messagerie\" type=\"text\" name=\"us_form_1_text_2\" value placeholder=\"Adresse de messagerie *\" data-required=\"true\" aria-required=\"true\"\/>\r\n\t\t\t<\/div>\r\n\t\t<div class=\"w-form-row-state\">Vous devez remplir ce champ<\/div>\r\n<\/div>\r\n<div class=\"w-form-row for_textarea required with_icon\">\r\n\t\t<div class=\"w-form-row-field\">\r\n\t\t\t\t<i class=\"far fa-pencil\"><\/i>\t\t<textarea aria-label=\"Texte\" name=\"us_form_1_textarea_1\" placeholder=\"Texte *\" data-required=\"true\" aria-required=\"true\"><\/textarea>\r\n\t\t\t<\/div>\r\n\t\t<div class=\"w-form-row-state\">Vous devez remplir ce champ<\/div>\r\n<\/div>\r\n<input type=\"hidden\" name=\"action\" value=\"us_ajax_cform\" \/>\r\n<input type=\"hidden\" name=\"post_id\" value=\"0\" \/>\r\n<input type=\"hidden\" name=\"form_index\" value=\"1\" \/>\r\n<div class=\"w-form-row for_submit align_none\"><button class=\"w-btn us-btn-style_3\" style=\"font-size:15px;\" type=\"submit\" aria-label=\"Envoyer\"><span class=\"g-preloader type_1\"><\/span><span class=\"w-btn-label\">Envoyer<\/span><\/button><\/div><\/div><div class=\"w-form-message\"><\/div><div class=\"w-form-json hidden\" onclick='return {&quot;ajaxurl&quot;:&quot;https:\\\/\\\/only4you.be\\\/club-libertin\\\/wp-admin\\\/admin-ajax.php&quot;,&quot;messages&quot;:{&quot;err_empty&quot;:&quot;Vous devez remplir ce champ&quot;,&quot;err_size&quot;:&quot;La taille du fichier ne peut pas d\\u00e9passer %s Mo&quot;,&quot;err_extension&quot;:&quot;Le type de fichier %s n&#039;est pas autoris\\u00e9&quot;,&quot;err_recaptcha_keys&quot;:&quot;Les cl\\u00e9s reCAPTCHA sont incorrectes&quot;}}'><\/div><\/form><\/div><\/div><\/div><\/div><\/div><\/section><section class=\"l-section wpb_row height_medium full_height valign_center with_img\"><div class=\"l-section-img\" role=\"img\" aria-label=\"pass weekend only 4 you\" data-img-width=\"700\" data-img-height=\"700\" style=\"background-image: url(https:\/\/only4you.be\/club-libertin\/wp-content\/uploads\/2016\/12\/pass-weekend.jpg);background-repeat: no-repeat;\"><\/div><div class=\"l-section-overlay\" style=\"background:rgba(0,0,0,0.75)\"><\/div><div class=\"l-section-h i-cf\"><div class=\"g-cols vc_row via_flex valign_top type_default stacking_default\"><div class=\"vc_col-sm-12 wpb_column vc_column_container\"><div class=\"vc_column-inner\"><div class=\"wpb_wrapper\"><div class=\"wpb_text_column\"><div class=\"wpb_wrapper\"><h2 style=\"text-align: center;\"><strong><span class=\"titre\">INSCRIVEZ-VOUS A LA NEWSLETTER<\/span><\/strong><\/h2>\n<\/div><\/div><div class=\"w-separator us_custom_6df4bc3a has_text_color size_medium with_line width_30 thick_1 style_solid color_border align_center with_content\"><div class=\"w-separator-h\"><i class=\"far fa-envelope\"><\/i><\/div><\/div><div class=\"wpb_text_column\"><div class=\"wpb_wrapper\"><h3 style=\"text-align: center;\"><strong>CHEQUE CADEAU \u20ac 15*<\/strong><\/h3>\n<p style=\"text-align: center;\">Savez-vous que nous vous envoyons toutes les semaines des informations concernant le Mi-No\u00ef &amp; l&rsquo;Only4You?<\/p>\n<p style=\"text-align: center;\">\u2022 Les th\u00e8mes de nos week-ends \u00e0 venir!<br \/>\n\u2022 Des informations concernants me milieu libertin, la vie de nos clubs, &#8230;<br \/>\n\u2022 Des promotions \u00e0 venir ou en cours.<br \/>\n\u2022 Des journ\u00e9es sp\u00e9ciales ou en avant-premi\u00e8res.<\/p>\n<p style=\"text-align: center;\">Et comme nous aimons vous chouchouter, de temps en temps, sans motif particulier, juste pour vous faire plaisir, in ch\u00e8que de r\u00e9duction.<\/p>\n<p style=\"text-align: center;\"><strong>Discr\u00e9tion totale\u00a0!<\/strong><\/p>\n<\/div><\/div><div class=\"g-cols wpb_row via_flex valign_top type_default stacking_default\"><div class=\"vc_col-sm-4 vc_hidden-sm vc_hidden-xs wpb_column vc_column_container\"><div class=\"vc_column-inner\"><div class=\"wpb_wrapper\"><div class=\"w-separator size_medium\"><\/div><\/div><\/div><\/div><div class=\"vc_col-sm-4 wpb_column vc_column_container\"><div class=\"vc_column-inner\"><div class=\"wpb_wrapper\"><div class=\"wpb_text_column\"><div class=\"wpb_wrapper\">\n\t\t\t<form id=\"sib_signup_form_1\" method=\"post\" class=\"sib_signup_form\">\n\t\t\t\t<div class=\"sib_loader\" style=\"display:none;\"><img\n\t\t\t\t\t\t\tsrc=\"https:\/\/only4you.be\/club-libertin\/wp-includes\/images\/spinner.gif\" alt=\"loader\"><\/div>\n\t\t\t\t<input type=\"hidden\" name=\"sib_form_action\" value=\"subscribe_form_submit\">\n\t\t\t\t<input type=\"hidden\" name=\"sib_form_id\" value=\"1\">\n                <input type=\"hidden\" name=\"sib_form_alert_notice\" value=\"\">\n                <input type=\"hidden\" name=\"sib_form_invalid_email_notice\" value=\"Cette adresse email n&#039;est pas valide\">\n                <input type=\"hidden\" name=\"sib_security\" value=\"bd157e6187\">\n\t\t\t\t<div class=\"sib_signup_box_inside_1\">\n\t\t\t\t\t<div style=\"\/*display:none*\/\" class=\"sib_msg_disp\">\n\t\t\t\t\t<\/div>\n                    \t\t\t\t\t<p class=\"sib-email-area\">\r\n    <label class=\"sib-email-area\">NEWSLETTER : <\/label>\r\n    <input type=\"email\" class=\"sib-email-area\" name=\"email\" required=\"required\">\r\n<\/p>\r\n<p>\r\n    <input type=\"submit\" class=\"sib-default-btn\" value=\"S'inscrire\">\r\n<\/p>\t\t\t\t<\/div>\n\t\t\t<\/form>\n\t\t\t<style>\n\t\t\t\tform#sib_signup_form_1 p.sib-alert-message {\n    padding: 6px 12px;\n    margin-bottom: 20px;\n    border: 1px solid transparent;\n    border-radius: 4px;\n    -webkit-box-sizing: border-box;\n    -moz-box-sizing: border-box;\n    box-sizing: border-box;\n}\nform#sib_signup_form_1 p.sib-alert-message-error {\n    background-color: #f2dede;\n    border-color: #ebccd1;\n    color: #a94442;\n}\nform#sib_signup_form_1 p.sib-alert-message-success {\n    background-color: #dff0d8;\n    border-color: #d6e9c6;\n    color: #3c763d;\n}\nform#sib_signup_form_1 p.sib-alert-message-warning {\n    background-color: #fcf8e3;\n    border-color: #faebcc;\n    color: #8a6d3b;\n}\n\t\t\t<\/style>\n\t\t\t\n<\/div><\/div><div class=\"w-separator size_medium\"><\/div><\/div><\/div><\/div><div class=\"vc_col-sm-4 vc_hidden-sm vc_hidden-xs wpb_column vc_column_container\"><div class=\"vc_column-inner\"><div class=\"wpb_wrapper\"><div class=\"w-separator size_medium\"><\/div><\/div><\/div><\/div><\/div><div class=\"wpb_text_column\"><div class=\"wpb_wrapper\"><p style=\"text-align: center;\"><strong>For your eyes only!<\/strong><br \/>\nRecevoir de chaudes nouvelles en toute discr\u00e9tion\u00a0? <br class=\"autobr\" \/>Cr\u00e9ez vite un mail box \u00e0 part via\u00a0<a class=\"spip_url spip_out auto\" href=\"http:\/\/www.gmail.com\/\" rel=\"nofollow external\">www.gmail.com<\/a><\/p>\n<\/div><\/div><\/div><\/div><\/div><\/div><\/div><\/section><section class=\"l-section wpb_row height_medium\"><div class=\"l-section-h i-cf\"><div class=\"g-cols vc_row via_flex valign_top type_default stacking_default\"><div class=\"vc_col-sm-12 wpb_column vc_column_container\"><div class=\"vc_column-inner\"><div class=\"wpb_wrapper\"><div class=\"w-image align_center\"><div class=\"w-image-h\"><img decoding=\"async\" width=\"728\" height=\"1024\" src=\"https:\/\/only4you.be\/club-libertin\/wp-content\/uploads\/2018\/08\/iphone-728x1024.jpg\" class=\"attachment-large size-large\" alt=\"\" loading=\"lazy\" srcset=\"https:\/\/only4you.be\/club-libertin\/wp-content\/uploads\/2018\/08\/iphone-728x1024.jpg 728w, https:\/\/only4you.be\/club-libertin\/wp-content\/uploads\/2018\/08\/iphone-213x300.jpg 213w, https:\/\/only4you.be\/club-libertin\/wp-content\/uploads\/2018\/08\/iphone-768x1081.jpg 768w, https:\/\/only4you.be\/club-libertin\/wp-content\/uploads\/2018\/08\/iphone-600x844.jpg 600w\" sizes=\"auto, (max-width: 728px) 100vw, 728px\" \/><\/div><\/div><\/div><\/div><\/div><\/div><\/div><\/section>\n","protected":false},"excerpt":{"rendered":"[vc_raw_html]JTNDaWZyYW1lJTIwc3JjJTNEJTIyaHR0cHMlM0ElMkYlMkZ3d3cuZ29vZ2xlLmNvbSUyRm1hcHMlMkZlbWJlZCUzRnBiJTNEJTIxMW0xOCUyMTFtMTIlMjExbTMlMjExZDU3NDkyLjc3NjIwMTMzNzY1JTIxMmQ0LjE1ODYzNzI1MTM1MDU5JTIxM2Q1MC4yNzk0NzY2NTQwNjQyNyUyMTJtMyUyMTFmMCUyMTJmMCUyMTNmMCUyMTNtMiUyMTFpMTAyNCUyMTJpNzY4JTIxNGYxMy4xJTIxM20zJTIxMW0yJTIxMXMweDQ3YzIzZGM1MWUwZjhhYjklMjUzQTB4ZmUzZjg5OTE2NzZlNmM2YiUyMTJzT25seTRZb3UlMjE1ZTAlMjEzbTIlMjExc2ZyJTIxMnNmciUyMTR2MTQ4MjQ5OTk4NzA2MCUyMiUyMHdpZHRoJTNEJTIyMTAwJTI1JTIyJTIwaGVpZ2h0JTNEJTIyMzUwJTIyJTIwZnJhbWVib3JkZXIlM0QlMjIwJTIyJTIwc3R5bGUlM0QlMjJib3JkZXIlM0EwJTIyJTIwYWxsb3dmdWxsc2NyZWVuJTNFJTNDJTJGaWZyYW1lJTNF[\/vc_raw_html]Suivez-nous ! FacebookXInfo contact Route de Sartiaux 3 ou Rue Fond de nos Bois \/ 6567 Fontaine-Valmont (Belgi\u00eb)+32 (0)71 50 66 25contact@only4you.beDES QUESTIONS OU DES REMARQUES ? N\u2019h\u00e9sitez pas \u00e0 nous envoyer un message : Vous devez remplir ce champ Vous devez remplir ce champ Vous devez remplir ce champ EnvoyerINSCRIVEZ-VOUS A LA NEWSLETTER CHEQUE...","protected":false},"author":5,"featured_media":0,"parent":0,"menu_order":0,"comment_status":"closed","ping_status":"open","template":"","meta":{"footnotes":""},"class_list":["post-407","page","type-page","status-publish","hentry"],"yoast_head":"<!-- This site is optimized with the Yoast SEO plugin v27.5 - https:\/\/yoast.com\/product\/yoast-seo-wordpress\/ -->\n<title>contact Only 4 You - Only 4 You<\/title>\n<meta name=\"description\" content=\"Contact ONLY 4 YOU Route de Sartiaux 3 ou Rue Fonds de Nos Bois 6567 Fontaine-Valmont 6567 Merbes Le Chateau (Belgique)\" \/>\n<meta name=\"robots\" content=\"index, follow, max-snippet:-1, max-image-preview:large, max-video-preview:-1\" \/>\n<link rel=\"canonical\" href=\"https:\/\/only4you.be\/club-libertin\/contact-only-4-you\/\" \/>\n<meta property=\"og:locale\" content=\"fr_FR\" \/>\n<meta property=\"og:type\" content=\"article\" \/>\n<meta property=\"og:title\" content=\"contact Only 4 You - Only 4 You\" \/>\n<meta property=\"og:description\" content=\"Contact ONLY 4 YOU Route de Sartiaux 3 ou Rue Fonds de Nos Bois 6567 Fontaine-Valmont 6567 Merbes Le Chateau (Belgique)\" \/>\n<meta property=\"og:url\" content=\"https:\/\/only4you.be\/club-libertin\/contact-only-4-you\/\" \/>\n<meta property=\"og:site_name\" content=\"Only 4 You\" \/>\n<meta property=\"article:modified_time\" content=\"2020-11-11T09:29:40+00:00\" \/>\n<meta name=\"twitter:card\" content=\"summary_large_image\" \/>\n<meta name=\"twitter:label1\" content=\"Dur\u00e9e de lecture estim\u00e9e\" \/>\n\t<meta name=\"twitter:data1\" content=\"3 minutes\" \/>\n<script type=\"application\/ld+json\" class=\"yoast-schema-graph\">{\"@context\":\"https:\\\/\\\/schema.org\",\"@graph\":[{\"@type\":\"WebPage\",\"@id\":\"https:\\\/\\\/only4you.be\\\/club-libertin\\\/contact-only-4-you\\\/\",\"url\":\"https:\\\/\\\/only4you.be\\\/club-libertin\\\/contact-only-4-you\\\/\",\"name\":\"contact Only 4 You - Only 4 You\",\"isPartOf\":{\"@id\":\"https:\\\/\\\/only4you.be\\\/club-libertin\\\/nl\\\/#website\"},\"datePublished\":\"2016-12-23T13:42:28+00:00\",\"dateModified\":\"2020-11-11T09:29:40+00:00\",\"description\":\"Contact ONLY 4 YOU Route de Sartiaux 3 ou Rue Fonds de Nos Bois 6567 Fontaine-Valmont 6567 Merbes Le Chateau (Belgique)\",\"breadcrumb\":{\"@id\":\"https:\\\/\\\/only4you.be\\\/club-libertin\\\/contact-only-4-you\\\/#breadcrumb\"},\"inLanguage\":\"fr-FR\",\"potentialAction\":[{\"@type\":\"ReadAction\",\"target\":[\"https:\\\/\\\/only4you.be\\\/club-libertin\\\/contact-only-4-you\\\/\"]}]},{\"@type\":\"BreadcrumbList\",\"@id\":\"https:\\\/\\\/only4you.be\\\/club-libertin\\\/contact-only-4-you\\\/#breadcrumb\",\"itemListElement\":[{\"@type\":\"ListItem\",\"position\":1,\"name\":\"Accueil\",\"item\":\"https:\\\/\\\/only4you.be\\\/club-libertin\\\/\"},{\"@type\":\"ListItem\",\"position\":2,\"name\":\"contact Only 4 You\"}]},{\"@type\":\"WebSite\",\"@id\":\"https:\\\/\\\/only4you.be\\\/club-libertin\\\/nl\\\/#website\",\"url\":\"https:\\\/\\\/only4you.be\\\/club-libertin\\\/nl\\\/\",\"name\":\"Only 4 You\",\"description\":\"Club Libertin\",\"potentialAction\":[{\"@type\":\"SearchAction\",\"target\":{\"@type\":\"EntryPoint\",\"urlTemplate\":\"https:\\\/\\\/only4you.be\\\/club-libertin\\\/nl\\\/?s={search_term_string}\"},\"query-input\":{\"@type\":\"PropertyValueSpecification\",\"valueRequired\":true,\"valueName\":\"search_term_string\"}}],\"inLanguage\":\"fr-FR\"}]}<\/script>\n<!-- \/ Yoast SEO plugin. -->","yoast_head_json":{"title":"contact Only 4 You - Only 4 You","description":"Contact ONLY 4 YOU Route de Sartiaux 3 ou Rue Fonds de Nos Bois 6567 Fontaine-Valmont 6567 Merbes Le Chateau (Belgique)","robots":{"index":"index","follow":"follow","max-snippet":"max-snippet:-1","max-image-preview":"max-image-preview:large","max-video-preview":"max-video-preview:-1"},"canonical":"https:\/\/only4you.be\/club-libertin\/contact-only-4-you\/","og_locale":"fr_FR","og_type":"article","og_title":"contact Only 4 You - Only 4 You","og_description":"Contact ONLY 4 YOU Route de Sartiaux 3 ou Rue Fonds de Nos Bois 6567 Fontaine-Valmont 6567 Merbes Le Chateau (Belgique)","og_url":"https:\/\/only4you.be\/club-libertin\/contact-only-4-you\/","og_site_name":"Only 4 You","article_modified_time":"2020-11-11T09:29:40+00:00","twitter_card":"summary_large_image","twitter_misc":{"Dur\u00e9e de lecture estim\u00e9e":"3 minutes"},"schema":{"@context":"https:\/\/schema.org","@graph":[{"@type":"WebPage","@id":"https:\/\/only4you.be\/club-libertin\/contact-only-4-you\/","url":"https:\/\/only4you.be\/club-libertin\/contact-only-4-you\/","name":"contact Only 4 You - Only 4 You","isPartOf":{"@id":"https:\/\/only4you.be\/club-libertin\/nl\/#website"},"datePublished":"2016-12-23T13:42:28+00:00","dateModified":"2020-11-11T09:29:40+00:00","description":"Contact ONLY 4 YOU Route de Sartiaux 3 ou Rue Fonds de Nos Bois 6567 Fontaine-Valmont 6567 Merbes Le Chateau (Belgique)","breadcrumb":{"@id":"https:\/\/only4you.be\/club-libertin\/contact-only-4-you\/#breadcrumb"},"inLanguage":"fr-FR","potentialAction":[{"@type":"ReadAction","target":["https:\/\/only4you.be\/club-libertin\/contact-only-4-you\/"]}]},{"@type":"BreadcrumbList","@id":"https:\/\/only4you.be\/club-libertin\/contact-only-4-you\/#breadcrumb","itemListElement":[{"@type":"ListItem","position":1,"name":"Accueil","item":"https:\/\/only4you.be\/club-libertin\/"},{"@type":"ListItem","position":2,"name":"contact Only 4 You"}]},{"@type":"WebSite","@id":"https:\/\/only4you.be\/club-libertin\/nl\/#website","url":"https:\/\/only4you.be\/club-libertin\/nl\/","name":"Only 4 You","description":"Club Libertin","potentialAction":[{"@type":"SearchAction","target":{"@type":"EntryPoint","urlTemplate":"https:\/\/only4you.be\/club-libertin\/nl\/?s={search_term_string}"},"query-input":{"@type":"PropertyValueSpecification","valueRequired":true,"valueName":"search_term_string"}}],"inLanguage":"fr-FR"}]}},"_links":{"self":[{"href":"https:\/\/only4you.be\/club-libertin\/wp-json\/wp\/v2\/pages\/407","targetHints":{"allow":["GET"]}}],"collection":[{"href":"https:\/\/only4you.be\/club-libertin\/wp-json\/wp\/v2\/pages"}],"about":[{"href":"https:\/\/only4you.be\/club-libertin\/wp-json\/wp\/v2\/types\/page"}],"author":[{"embeddable":true,"href":"https:\/\/only4you.be\/club-libertin\/wp-json\/wp\/v2\/users\/5"}],"replies":[{"embeddable":true,"href":"https:\/\/only4you.be\/club-libertin\/wp-json\/wp\/v2\/comments?post=407"}],"version-history":[{"count":21,"href":"https:\/\/only4you.be\/club-libertin\/wp-json\/wp\/v2\/pages\/407\/revisions"}],"predecessor-version":[{"id":10474,"href":"https:\/\/only4you.be\/club-libertin\/wp-json\/wp\/v2\/pages\/407\/revisions\/10474"}],"wp:attachment":[{"href":"https:\/\/only4you.be\/club-libertin\/wp-json\/wp\/v2\/media?parent=407"}],"curies":[{"name":"wp","href":"https:\/\/api.w.org\/{rel}","templated":true}]}}