{"id":375,"date":"2016-12-23T12:56:41","date_gmt":"2016-12-23T11:56:41","guid":{"rendered":"http:\/\/only4you.be\/club-libertin?page_id=375\/"},"modified":"2021-09-03T05:12:21","modified_gmt":"2021-09-03T03:12:21","slug":"carte-de-fidelite-only-4-you","status":"publish","type":"page","link":"https:\/\/only4you.be\/club-libertin\/carte-de-fidelite-only-4-you\/","title":{"rendered":"Carte de fid\u00e9lit\u00e9 Only 4 You"},"content":{"rendered":"<section class=\"l-section wpb_row height_full valign_center color_primary with_img parallax_ver with_overlay\" id=\"fidelite\"><div class=\"l-section-img\" style=\"background-image: url(https:\/\/only4you.be\/club-libertin\/wp-content\/uploads\/2016\/12\/pass-weekend.jpg);background-repeat: no-repeat;\" data-img-width=\"700\" data-img-height=\"700\"><\/div><div class=\"l-section-overlay\" style=\"background: rgba(0,0,0,0.65)\"><\/div><div class=\"l-section-h i-cf\"><div class=\"g-cols vc_row type_default valign_top\"><div class=\"vc_col-sm-12 wpb_column vc_column_container align_center\"><div class=\"vc_column-inner\"><div class=\"wpb_wrapper\"><div class=\"wpb_text_column\" ><div class=\"wpb_wrapper\"><h2 style=\"text-align: center;\"><strong>CARTE DE FIDELITE\u00a0<\/strong><\/h2>\n<\/div><\/div><div class=\"w-separator size_small with_line width_30 thick_1 style_double color_primary align_center with_content\"><div class=\"w-separator-h\"><i class=\"fas fa-lock\"><\/i><\/div><\/div><div class=\"g-cols wpb_row  type_default valign_top vc_inner\"><div class=\"vc_col-sm-6 wpb_column vc_column_container\"><div class=\"vc_column-inner\"><div class=\"wpb_wrapper\"><div class=\"w-iconbox iconpos_top style_circle color_custom align_center no_text\"><div class=\"w-iconbox-icon\" style=\"font-size:44px;box-shadow:0 0 0 2px #f46438 inset;background:#f46438;color:#ffffff;\"><i class=\"fas fa-venus-mars\"><\/i><\/div><div class=\"w-iconbox-meta\"><h4 class=\"w-iconbox-title\">POUR NOS COUPLES FIDELES<\/h4><\/div><\/div><div class=\"wpb_text_column\" ><div class=\"wpb_wrapper\"><ul>\n<li style=\"text-align: justify;\">Nous avons d\u00e9cid\u00e9 de r\u00e9compenser votre fid\u00e9lit\u00e9 &#8230;<\/li>\n<li style=\"text-align: justify;\">Pour vous permettre de garder un tarif avantageux, demandez notre carte de fid\u00e9lit\u00e9!<\/li>\n<li style=\"text-align: justify;\">Si vous venez 5 samedis en moins de 3 mois, le 6\u00e8me samedi vous pourrez b\u00e9n\u00e9ficier d\u2019une r\u00e9duction de 30 \u20ac dans l\u2019<span class=\"ht\">intervalle<\/span>\u00a0de\u00a0ces 3 mois.<\/li>\n<li style=\"text-align: justify;\">Si vous venez 5 fois en semaine en moins de 3 mois, la 6\u00e8me fois vous pourrez b\u00e9n\u00e9ficier d\u2019une r\u00e9duction de 20 \u20ac l\u2019<span class=\"ht\">intervalle<\/span>\u00a0de ces 3 mois.<\/li>\n<\/ul>\n<\/div><\/div><\/div><\/div><\/div><div class=\"vc_col-sm-6 wpb_column vc_column_container\"><div class=\"vc_column-inner\"><div class=\"wpb_wrapper\"><div class=\"w-iconbox iconpos_top style_circle color_custom align_center no_text\"><div class=\"w-iconbox-icon\" style=\"font-size:44px;box-shadow:0 0 0 2px #00ccff inset;background:#00ccff;color:#ffffff;\"><i class=\"fas fa-male\"><\/i><\/div><div class=\"w-iconbox-meta\"><h4 class=\"w-iconbox-title\">POUR NOS GENTLEMEN FIDELES<\/h4><\/div><\/div><div class=\"wpb_text_column\" ><div class=\"wpb_wrapper\"><ul>\n<li style=\"text-align: justify;\">Nous avons d\u00e9cid\u00e9 de r\u00e9compenser votre fid\u00e9lit\u00e9\u00a0!<\/li>\n<li>si vous venez 5 fois en moins de 3 mois, la 6\u00e8me fois vous pourrez b\u00e9n\u00e9ficier d\u2019une r\u00e9duction de 30 \u20ac dans l\u2019intervalle de\u00a0ces 3 mois.<br \/>\n<strong>Attention valable uniquement hors heures de promos exceptionnelles\u00a0!<\/strong><\/li>\n<\/ul>\n<\/div><\/div><\/div><\/div><\/div><\/div><div class=\"w-separator size_medium\"><\/div><div class=\"g-cols wpb_row  type_default valign_top vc_inner\"><div class=\"vc_col-sm-6 wpb_column vc_column_container\"><div class=\"vc_column-inner\"><div class=\"wpb_wrapper\"><div class=\"w-iconbox iconpos_top style_circle color_custom align_center no_text\"><div class=\"w-iconbox-icon\" style=\"font-size:44px;box-shadow:0 0 0 2px #f2c821 inset;background:#f2c821;color:#ffffff;\"><i class=\"fas fa-users\"><\/i><\/div><div class=\"w-iconbox-meta\"><h4 class=\"w-iconbox-title\">LE PARRAINAGE<\/h4><\/div><\/div><div class=\"wpb_text_column\" ><div class=\"wpb_wrapper\"><h2><strong>Vous aimez le&rsquo;Only4you\u00a0? Faites plaisir \u00e0 vos amis!<\/strong><\/h2>\n<h4><strong>Recevez une r\u00e9duction valable un mois.<\/strong><\/h4>\n<p>Si vous venez avec un nouveau couple, nous vous offrirons en semaine, un ch\u00e8que de 20 \u20ac pendant un mois \u00e0 partir de la date d\u2019inscription de vos amis; et le samedi, nous vous offrirons un ch\u00e8que de 30\u20ac valable \u00e9galement un mois.<\/p>\n<p>Pour les hommes d\u00e9sirant faire conna\u00eetre le club \u00e0 un ami (il est bien \u00e9duqu\u00e9, galant et courtois avec les dames), nous lui offrons un ch\u00e8que de 30 \u20ac valable \u00e9galement un mois.<\/p>\n<\/div><\/div><\/div><\/div><\/div><\/div><\/div><\/div><\/div><\/div><\/div><\/section>\n","protected":false},"excerpt":{"rendered":"CARTE DE FIDELITE\u00a0 POUR NOS COUPLES FIDELES Nous avons d\u00e9cid\u00e9 de r\u00e9compenser votre fid\u00e9lit\u00e9 &#8230; Pour vous permettre de garder un tarif avantageux, demandez notre carte de fid\u00e9lit\u00e9! Si vous venez 5 samedis en moins de 3 mois, le 6\u00e8me samedi vous pourrez b\u00e9n\u00e9ficier d\u2019une r\u00e9duction de 30 \u20ac dans l\u2019intervalle\u00a0de\u00a0ces 3 mois. Si vous...","protected":false},"author":5,"featured_media":0,"parent":0,"menu_order":0,"comment_status":"closed","ping_status":"open","template":"","meta":[],"yoast_head":"<!-- This site is optimized with the Yoast SEO plugin v20.6 - https:\/\/yoast.com\/wordpress\/plugins\/seo\/ -->\n<title>Carte de fid\u00e9lit\u00e9 Only 4 You - Only 4 You<\/title>\n<meta name=\"description\" content=\"Carte de fid\u00e9lit\u00e9 Only 4 You, club priv\u00e9 Route de Sartiaux 3 - 6567 Fontaine-Valmont (Belgique)\" \/>\n<meta name=\"robots\" content=\"index, follow, max-snippet:-1, max-image-preview:large, max-video-preview:-1\" \/>\n<link rel=\"canonical\" href=\"https:\/\/only4you.be\/club-libertin\/carte-de-fidelite-only-4-you\/\" \/>\n<meta property=\"og:locale\" content=\"fr_FR\" \/>\n<meta property=\"og:type\" content=\"article\" \/>\n<meta property=\"og:title\" content=\"Carte de fid\u00e9lit\u00e9 Only 4 You - Only 4 You\" \/>\n<meta property=\"og:description\" content=\"Carte de fid\u00e9lit\u00e9 Only 4 You, club priv\u00e9 Route de Sartiaux 3 - 6567 Fontaine-Valmont (Belgique)\" \/>\n<meta property=\"og:url\" content=\"https:\/\/only4you.be\/club-libertin\/carte-de-fidelite-only-4-you\/\" \/>\n<meta property=\"og:site_name\" content=\"Only 4 You\" \/>\n<meta property=\"article:modified_time\" content=\"2021-09-03T03:12:21+00:00\" \/>\n<meta name=\"twitter:card\" content=\"summary_large_image\" \/>\n<meta name=\"twitter:label1\" content=\"Dur\u00e9e de lecture estim\u00e9e\" \/>\n\t<meta name=\"twitter:data1\" content=\"2 minutes\" \/>\n<script type=\"application\/ld+json\" class=\"yoast-schema-graph\">{\"@context\":\"https:\/\/schema.org\",\"@graph\":[{\"@type\":\"WebPage\",\"@id\":\"https:\/\/only4you.be\/club-libertin\/carte-de-fidelite-only-4-you\/\",\"url\":\"https:\/\/only4you.be\/club-libertin\/carte-de-fidelite-only-4-you\/\",\"name\":\"Carte de fid\u00e9lit\u00e9 Only 4 You - Only 4 You\",\"isPartOf\":{\"@id\":\"https:\/\/only4you.be\/club-libertin\/nl\/#website\"},\"datePublished\":\"2016-12-23T11:56:41+00:00\",\"dateModified\":\"2021-09-03T03:12:21+00:00\",\"description\":\"Carte de fid\u00e9lit\u00e9 Only 4 You, club priv\u00e9 Route de Sartiaux 3 - 6567 Fontaine-Valmont (Belgique)\",\"breadcrumb\":{\"@id\":\"https:\/\/only4you.be\/club-libertin\/carte-de-fidelite-only-4-you\/#breadcrumb\"},\"inLanguage\":\"fr-FR\",\"potentialAction\":[{\"@type\":\"ReadAction\",\"target\":[\"https:\/\/only4you.be\/club-libertin\/carte-de-fidelite-only-4-you\/\"]}]},{\"@type\":\"BreadcrumbList\",\"@id\":\"https:\/\/only4you.be\/club-libertin\/carte-de-fidelite-only-4-you\/#breadcrumb\",\"itemListElement\":[{\"@type\":\"ListItem\",\"position\":1,\"name\":\"Accueil\",\"item\":\"https:\/\/only4you.be\/club-libertin\/\"},{\"@type\":\"ListItem\",\"position\":2,\"name\":\"Carte de fid\u00e9lit\u00e9 Only 4 You\"}]},{\"@type\":\"WebSite\",\"@id\":\"https:\/\/only4you.be\/club-libertin\/nl\/#website\",\"url\":\"https:\/\/only4you.be\/club-libertin\/nl\/\",\"name\":\"Only 4 You\",\"description\":\"Club Libertin\",\"potentialAction\":[{\"@type\":\"SearchAction\",\"target\":{\"@type\":\"EntryPoint\",\"urlTemplate\":\"https:\/\/only4you.be\/club-libertin\/nl\/?s={search_term_string}\"},\"query-input\":\"required name=search_term_string\"}],\"inLanguage\":\"fr-FR\"}]}<\/script>\n<!-- \/ Yoast SEO plugin. -->","yoast_head_json":{"title":"Carte de fid\u00e9lit\u00e9 Only 4 You - Only 4 You","description":"Carte de fid\u00e9lit\u00e9 Only 4 You, club priv\u00e9 Route de Sartiaux 3 - 6567 Fontaine-Valmont (Belgique)","robots":{"index":"index","follow":"follow","max-snippet":"max-snippet:-1","max-image-preview":"max-image-preview:large","max-video-preview":"max-video-preview:-1"},"canonical":"https:\/\/only4you.be\/club-libertin\/carte-de-fidelite-only-4-you\/","og_locale":"fr_FR","og_type":"article","og_title":"Carte de fid\u00e9lit\u00e9 Only 4 You - Only 4 You","og_description":"Carte de fid\u00e9lit\u00e9 Only 4 You, club priv\u00e9 Route de Sartiaux 3 - 6567 Fontaine-Valmont (Belgique)","og_url":"https:\/\/only4you.be\/club-libertin\/carte-de-fidelite-only-4-you\/","og_site_name":"Only 4 You","article_modified_time":"2021-09-03T03:12:21+00:00","twitter_card":"summary_large_image","twitter_misc":{"Dur\u00e9e de lecture estim\u00e9e":"2 minutes"},"schema":{"@context":"https:\/\/schema.org","@graph":[{"@type":"WebPage","@id":"https:\/\/only4you.be\/club-libertin\/carte-de-fidelite-only-4-you\/","url":"https:\/\/only4you.be\/club-libertin\/carte-de-fidelite-only-4-you\/","name":"Carte de fid\u00e9lit\u00e9 Only 4 You - Only 4 You","isPartOf":{"@id":"https:\/\/only4you.be\/club-libertin\/nl\/#website"},"datePublished":"2016-12-23T11:56:41+00:00","dateModified":"2021-09-03T03:12:21+00:00","description":"Carte de fid\u00e9lit\u00e9 Only 4 You, club priv\u00e9 Route de Sartiaux 3 - 6567 Fontaine-Valmont (Belgique)","breadcrumb":{"@id":"https:\/\/only4you.be\/club-libertin\/carte-de-fidelite-only-4-you\/#breadcrumb"},"inLanguage":"fr-FR","potentialAction":[{"@type":"ReadAction","target":["https:\/\/only4you.be\/club-libertin\/carte-de-fidelite-only-4-you\/"]}]},{"@type":"BreadcrumbList","@id":"https:\/\/only4you.be\/club-libertin\/carte-de-fidelite-only-4-you\/#breadcrumb","itemListElement":[{"@type":"ListItem","position":1,"name":"Accueil","item":"https:\/\/only4you.be\/club-libertin\/"},{"@type":"ListItem","position":2,"name":"Carte de fid\u00e9lit\u00e9 Only 4 You"}]},{"@type":"WebSite","@id":"https:\/\/only4you.be\/club-libertin\/nl\/#website","url":"https:\/\/only4you.be\/club-libertin\/nl\/","name":"Only 4 You","description":"Club Libertin","potentialAction":[{"@type":"SearchAction","target":{"@type":"EntryPoint","urlTemplate":"https:\/\/only4you.be\/club-libertin\/nl\/?s={search_term_string}"},"query-input":"required name=search_term_string"}],"inLanguage":"fr-FR"}]}},"_links":{"self":[{"href":"https:\/\/only4you.be\/club-libertin\/wp-json\/wp\/v2\/pages\/375"}],"collection":[{"href":"https:\/\/only4you.be\/club-libertin\/wp-json\/wp\/v2\/pages"}],"about":[{"href":"https:\/\/only4you.be\/club-libertin\/wp-json\/wp\/v2\/types\/page"}],"author":[{"embeddable":true,"href":"https:\/\/only4you.be\/club-libertin\/wp-json\/wp\/v2\/users\/5"}],"replies":[{"embeddable":true,"href":"https:\/\/only4you.be\/club-libertin\/wp-json\/wp\/v2\/comments?post=375"}],"version-history":[{"count":9,"href":"https:\/\/only4you.be\/club-libertin\/wp-json\/wp\/v2\/pages\/375\/revisions"}],"predecessor-version":[{"id":10632,"href":"https:\/\/only4you.be\/club-libertin\/wp-json\/wp\/v2\/pages\/375\/revisions\/10632"}],"wp:attachment":[{"href":"https:\/\/only4you.be\/club-libertin\/wp-json\/wp\/v2\/media?parent=375"}],"curies":[{"name":"wp","href":"https:\/\/api.w.org\/{rel}","templated":true}]}}