{"id":138,"date":"2016-12-01T16:39:39","date_gmt":"2016-12-01T15:39:39","guid":{"rendered":"http:\/\/only4you.be\/club-libertinquestion-faq-only-4-you\/"},"modified":"2020-11-11T10:29:38","modified_gmt":"2020-11-11T09:29:38","slug":"veel-gestelde-vragen-only-4-you","status":"publish","type":"page","link":"https:\/\/only4you.be\/club-libertin\/nl\/veel-gestelde-vragen-only-4-you\/","title":{"rendered":"Veel Gestelde Vragen Only 4 You"},"content":{"rendered":"<section class=\"l-section wpb_row us_custom_9823acaf height_medium has_text_color\"><div class=\"l-section-h i-cf\"><div class=\"g-cols vc_row type_default valign_top\"><div class=\"vc_col-sm-12 wpb_column vc_column_container\"><div class=\"vc_column-inner\"><div class=\"wpb_wrapper\"><div class=\"wpb_text_column\" ><div class=\"wpb_wrapper\"><h2 style=\"text-align: center; text-transform: uppercase;\"><strong>Veel Gestelde Vragen<\/strong><\/h2>\n<\/div><\/div><div class=\"w-tabs style_default switch_click accordion has_scrolling title_atleft icon_chevron iconpos_right\"><div class=\"w-tabs-sections\"><div class=\"w-tabs-sections-h\"><div class=\"w-tabs-section with_icon\" id=\"69e771d5bbc91\"><button class=\"w-tabs-section-header\" aria-controls=\"content-69e771d5bbc91\"><div class=\"w-tabs-section-header-h\"><i class=\"fas fa-question-circle\"><\/i><div class=\"w-tabs-section-title\">MOET MEN ZICH BIJ HET BINNENKOMEN ONMIDDELLIJK OMKLEDEN?<\/div><div class=\"w-tabs-section-control\"><\/div><\/div><\/button><div class=\"w-tabs-section-content\" id=\"content-69e771d5bbc91\" aria-expanded=\"false\"><div class=\"w-tabs-section-content-h i-cf\"><div class=\"wpb_text_column\" ><div class=\"wpb_wrapper\"><p style=\"text-align: justify;\"><strong>Niet noodzakelijk.<\/strong> Onze zaterdagformule (uitsluitend voor koppels) geeft onze klanten de mogelijkheid om aangekleed te blijven in het restaurant en aan de bar tot 23u. Er zal hen echter wel gevraagd worden om een sexy tenue aan te trekken eenmaal zij zich naar de kamers wensen te begeven. Op andere dagen bent u verplicht zich eerst om te kleden zodoende van bij het begin een sensuele en erotische sfeer te cre\u00ebren.<\/p>\n<\/div><\/div><\/div><\/div><\/div><div class=\"w-tabs-section with_icon\" id=\"69e771d5bbd6a\"><button class=\"w-tabs-section-header\" aria-controls=\"content-69e771d5bbd6a\"><div class=\"w-tabs-section-header-h\"><i class=\"fas fa-question-circle\"><\/i><div class=\"w-tabs-section-title\">IS ENKEL KIJKEN TOEGELATEN ?<\/div><div class=\"w-tabs-section-control\"><\/div><\/div><\/button><div class=\"w-tabs-section-content\" id=\"content-69e771d5bbd6a\" aria-expanded=\"false\"><div class=\"w-tabs-section-content-h i-cf\"><div class=\"wpb_text_column\" ><div class=\"wpb_wrapper\"><p style=\"text-align: justify;\"><strong>Natuurlijk!<\/strong><br \/>\nVeel mensen zijn exhibitionisten: u doet hen dus een groot plezier naar hen te kijken terwijl zij spelen. En als u ooit mee wilt spelen, belet niets u dit te doen! U beslist zelf wat u wenst en wat niet. In onze club mag alles en moet niets.<\/p>\n<\/div><\/div><\/div><\/div><\/div><div class=\"w-tabs-section with_icon\" id=\"69e771d5bbe33\"><button class=\"w-tabs-section-header\" aria-controls=\"content-69e771d5bbe33\"><div class=\"w-tabs-section-header-h\"><i class=\"fas fa-question-circle\"><\/i><div class=\"w-tabs-section-title\">WAT ALS IK EEN KENNIS TEGENKOM ?<\/div><div class=\"w-tabs-section-control\"><\/div><\/div><\/button><div class=\"w-tabs-section-content\" id=\"content-69e771d5bbe33\" aria-expanded=\"false\"><div class=\"w-tabs-section-content-h i-cf\"><div class=\"wpb_text_column\" ><div class=\"wpb_wrapper\"><p style=\"text-align: justify;\"><strong>Misschien stelt deze kennis zich wel dezelfde vraag?<br \/>\n<\/strong>U bevindt zich beiden op dezelfde plaats voor gelijkaardige redenen. U breng een gezellige avond door in een luxueuze en selecte club, en vertoeft in aangenaam gezelschap, elke aanwezige heeft zelf gekozen om naar onze club te komen.<\/p>\n<\/div><\/div><\/div><\/div><\/div><div class=\"w-tabs-section with_icon\" id=\"69e771d5bbeef\"><button class=\"w-tabs-section-header\" aria-controls=\"content-69e771d5bbeef\"><div class=\"w-tabs-section-header-h\"><i class=\"fas fa-question-circle\"><\/i><div class=\"w-tabs-section-title\">ZIJN ALLEENSTAANDE MANNEN WELKOM ?<\/div><div class=\"w-tabs-section-control\"><\/div><\/div><\/button><div class=\"w-tabs-section-content\" id=\"content-69e771d5bbeef\" aria-expanded=\"false\"><div class=\"w-tabs-section-content-h i-cf\"><div class=\"wpb_text_column\" ><div class=\"wpb_wrapper\"><p style=\"text-align: justify;\"><strong>Zeker en vast.<\/strong> De zaterdag is uitsluitend voor koppels &amp; dames maar op alle andere dagen zijn alleenstaande mannen van harte welkom!<\/p>\n<\/div><\/div><\/div><\/div><\/div><div class=\"w-tabs-section with_icon\" id=\"69e771d5bbfb5\"><button class=\"w-tabs-section-header\" aria-controls=\"content-69e771d5bbfb5\"><div class=\"w-tabs-section-header-h\"><i class=\"fas fa-question-circle\"><\/i><div class=\"w-tabs-section-title\">ZIJN ER DINGEN VERBODEN ?<\/div><div class=\"w-tabs-section-control\"><\/div><\/div><\/button><div class=\"w-tabs-section-content\" id=\"content-69e771d5bbfb5\" aria-expanded=\"false\"><div class=\"w-tabs-section-content-h i-cf\"><div class=\"wpb_text_column\" ><div class=\"wpb_wrapper\"><p style=\"text-align: justify;\"><strong>Ja:<\/strong> elke vorm van niet-respect en wangedrag, het bezit of gebruik van verboden middelen alsook de aanwezigheid van minderjarigen.<br class=\"manualbr\" \/>De directie behoudt zich het recht een klant die niet voldoet aan deze eisen de toegang tot de club definitief te weigeren<\/p>\n<\/div><\/div><\/div><\/div><\/div><\/div><\/div><\/div><div class=\"w-separator size_large\"><\/div><\/div><\/div><\/div><\/div><\/div><\/section><section class=\"l-section wpb_row height_large with_img parallax_ver with_overlay\"><div class=\"l-section-img\" style=\"background-image: url(https:\/\/only4you.be\/club-libertin\/wp-content\/plugins\/us-core\/assets\/images\/placeholder.svg);background-position: top center;background-repeat: no-repeat;background-size: contain;\"><\/div><div class=\"l-section-overlay\" style=\"background: rgba(0,0,0,0.65)\"><\/div><div class=\"l-section-h i-cf\"><div class=\"g-cols vc_row type_default valign_top\"><div class=\"vc_col-sm-12 wpb_column vc_column_container\"><div class=\"vc_column-inner\"><div class=\"wpb_wrapper\"><div class=\"wpb_text_column\" ><div class=\"wpb_wrapper\"><h2 style=\"text-align: center;\">Je hebt een andere vraag:<\/h2>\n<p id=\"tw-target-text\" class=\"tw-data-text vk_txt tw-ta tw-text-medium\" dir=\"ltr\" style=\"text-align: center;\" data-placeholder=\"Traduction\"><span lang=\"fr\">Aarzel niet ons een email te sturen naar<\/span><\/p>\n<\/div><\/div><div class=\"w-separator size_small\"><\/div><div class=\"g-cols wpb_row  type_default valign_top vc_inner\"><div class=\"vc_col-sm-6 wpb_column vc_column_container\"><div class=\"vc_column-inner\"><div class=\"wpb_wrapper\"><div class=\"w-iconbox iconpos_top style_default color_primary align_center\"><a href=\"mailto:contact@mi-noi.be\" class=\"w-iconbox-link\" aria-label=\"Stuur ons een e-mail!\"><div class=\"w-iconbox-icon\" style=\"font-size:48px;\"><i class=\"fas fa-envelope\"><\/i><\/div><\/a><div class=\"w-iconbox-meta\"><a href=\"mailto:contact@mi-noi.be\" class=\"w-iconbox-link\" aria-label=\"Stuur ons een e-mail!\"><h4 class=\"w-iconbox-title\">Stuur ons een e-mail!<\/h4><\/a><div class=\"w-iconbox-text\"><p>Mail :<br \/>\ncontact@only4you.be<\/p>\n<\/div><\/div><\/div><\/div><\/div><\/div><div class=\"vc_col-sm-6 wpb_column vc_column_container\"><div class=\"vc_column-inner\"><div class=\"wpb_wrapper\"><div class=\"w-iconbox iconpos_top style_default color_primary align_center\"><div class=\"w-iconbox-icon\" style=\"font-size:48px;\"><i class=\"fas fa-phone\"><\/i><\/div><div class=\"w-iconbox-meta\"><h4 class=\"w-iconbox-title\">Bel ons!<\/h4><div class=\"w-iconbox-text\"><p>T\u00e9l : +32(0) 71 50 66 25<br \/>\nGSM : +32(0) 477 50 66 25 <\/p>\n<\/div><\/div><\/div><\/div><\/div><\/div><\/div><\/div><\/div><\/div><\/div><\/div><\/section>\n","protected":false},"excerpt":{"rendered":"Veel Gestelde Vragen MOET MEN ZICH BIJ HET BINNENKOMEN ONMIDDELLIJK OMKLEDEN?Niet noodzakelijk. Onze zaterdagformule (uitsluitend voor koppels) geeft onze klanten de mogelijkheid om aangekleed te blijven in het restaurant en aan de bar tot 23u. Er zal hen echter wel gevraagd worden om een sexy tenue aan te trekken eenmaal zij zich naar de kamers...","protected":false},"author":5,"featured_media":0,"parent":0,"menu_order":0,"comment_status":"closed","ping_status":"open","template":"","meta":[],"yoast_head":"<!-- This site is optimized with the Yoast SEO plugin v20.6 - https:\/\/yoast.com\/wordpress\/plugins\/seo\/ -->\n<title>Veel Gestelde Vragen Only 4 You - Only 4 You<\/title>\n<meta name=\"description\" content=\"Vous avez une question ? Trouvez ici les questions les plus fr\u00e9quemment pos\u00e9es \u00e0 propos de l&#039;ONLY 4 YOU ou posez nous votre question.\" \/>\n<meta name=\"robots\" content=\"index, follow, max-snippet:-1, max-image-preview:large, max-video-preview:-1\" \/>\n<link rel=\"canonical\" href=\"https:\/\/only4you.be\/club-libertin\/veel-gestelde-vragen-only-4-you\/\" \/>\n<meta property=\"og:locale\" content=\"fr_FR\" \/>\n<meta property=\"og:type\" content=\"article\" \/>\n<meta property=\"og:title\" content=\"Veel Gestelde Vragen Only 4 You - Only 4 You\" \/>\n<meta property=\"og:description\" content=\"Vous avez une question ? Trouvez ici les questions les plus fr\u00e9quemment pos\u00e9es \u00e0 propos de l&#039;ONLY 4 YOU ou posez nous votre question.\" \/>\n<meta property=\"og:url\" content=\"https:\/\/only4you.be\/club-libertin\/nl\/veel-gestelde-vragen-only-4-you\/\" \/>\n<meta property=\"og:site_name\" content=\"Only 4 You\" \/>\n<meta property=\"article:modified_time\" content=\"2020-11-11T09:29:38+00:00\" \/>\n<meta name=\"twitter:card\" content=\"summary_large_image\" \/>\n<meta name=\"twitter:label1\" content=\"Dur\u00e9e de lecture estim\u00e9e\" \/>\n\t<meta name=\"twitter:data1\" content=\"3 minutes\" \/>\n<script type=\"application\/ld+json\" class=\"yoast-schema-graph\">{\"@context\":\"https:\/\/schema.org\",\"@graph\":[{\"@type\":\"WebPage\",\"@id\":\"https:\/\/only4you.be\/club-libertin\/nl\/veel-gestelde-vragen-only-4-you\/\",\"url\":\"https:\/\/only4you.be\/club-libertin\/nl\/veel-gestelde-vragen-only-4-you\/\",\"name\":\"Veel Gestelde Vragen Only 4 You - Only 4 You\",\"isPartOf\":{\"@id\":\"https:\/\/only4you.be\/club-libertin\/nl\/#website\"},\"datePublished\":\"2016-12-01T15:39:39+00:00\",\"dateModified\":\"2020-11-11T09:29:38+00:00\",\"description\":\"Vous avez une question ? Trouvez ici les questions les plus fr\u00e9quemment pos\u00e9es \u00e0 propos de l'ONLY 4 YOU ou posez nous votre question.\",\"breadcrumb\":{\"@id\":\"https:\/\/only4you.be\/club-libertin\/nl\/veel-gestelde-vragen-only-4-you\/#breadcrumb\"},\"inLanguage\":\"fr-FR\",\"potentialAction\":[{\"@type\":\"ReadAction\",\"target\":[\"https:\/\/only4you.be\/club-libertin\/nl\/veel-gestelde-vragen-only-4-you\/\"]}]},{\"@type\":\"BreadcrumbList\",\"@id\":\"https:\/\/only4you.be\/club-libertin\/nl\/veel-gestelde-vragen-only-4-you\/#breadcrumb\",\"itemListElement\":[{\"@type\":\"ListItem\",\"position\":1,\"name\":\"Accueil\",\"item\":\"https:\/\/only4you.be\/club-libertin\/\"},{\"@type\":\"ListItem\",\"position\":2,\"name\":\"Veel Gestelde Vragen Only 4 You\"}]},{\"@type\":\"WebSite\",\"@id\":\"https:\/\/only4you.be\/club-libertin\/nl\/#website\",\"url\":\"https:\/\/only4you.be\/club-libertin\/nl\/\",\"name\":\"Only 4 You\",\"description\":\"Club Libertin\",\"potentialAction\":[{\"@type\":\"SearchAction\",\"target\":{\"@type\":\"EntryPoint\",\"urlTemplate\":\"https:\/\/only4you.be\/club-libertin\/nl\/?s={search_term_string}\"},\"query-input\":\"required name=search_term_string\"}],\"inLanguage\":\"fr-FR\"}]}<\/script>\n<!-- \/ Yoast SEO plugin. -->","yoast_head_json":{"title":"Veel Gestelde Vragen Only 4 You - Only 4 You","description":"Vous avez une question ? Trouvez ici les questions les plus fr\u00e9quemment pos\u00e9es \u00e0 propos de l'ONLY 4 YOU ou posez nous votre question.","robots":{"index":"index","follow":"follow","max-snippet":"max-snippet:-1","max-image-preview":"max-image-preview:large","max-video-preview":"max-video-preview:-1"},"canonical":"https:\/\/only4you.be\/club-libertin\/veel-gestelde-vragen-only-4-you\/","og_locale":"fr_FR","og_type":"article","og_title":"Veel Gestelde Vragen Only 4 You - Only 4 You","og_description":"Vous avez une question ? Trouvez ici les questions les plus fr\u00e9quemment pos\u00e9es \u00e0 propos de l'ONLY 4 YOU ou posez nous votre question.","og_url":"https:\/\/only4you.be\/club-libertin\/nl\/veel-gestelde-vragen-only-4-you\/","og_site_name":"Only 4 You","article_modified_time":"2020-11-11T09:29:38+00:00","twitter_card":"summary_large_image","twitter_misc":{"Dur\u00e9e de lecture estim\u00e9e":"3 minutes"},"schema":{"@context":"https:\/\/schema.org","@graph":[{"@type":"WebPage","@id":"https:\/\/only4you.be\/club-libertin\/nl\/veel-gestelde-vragen-only-4-you\/","url":"https:\/\/only4you.be\/club-libertin\/nl\/veel-gestelde-vragen-only-4-you\/","name":"Veel Gestelde Vragen Only 4 You - Only 4 You","isPartOf":{"@id":"https:\/\/only4you.be\/club-libertin\/nl\/#website"},"datePublished":"2016-12-01T15:39:39+00:00","dateModified":"2020-11-11T09:29:38+00:00","description":"Vous avez une question ? Trouvez ici les questions les plus fr\u00e9quemment pos\u00e9es \u00e0 propos de l'ONLY 4 YOU ou posez nous votre question.","breadcrumb":{"@id":"https:\/\/only4you.be\/club-libertin\/nl\/veel-gestelde-vragen-only-4-you\/#breadcrumb"},"inLanguage":"fr-FR","potentialAction":[{"@type":"ReadAction","target":["https:\/\/only4you.be\/club-libertin\/nl\/veel-gestelde-vragen-only-4-you\/"]}]},{"@type":"BreadcrumbList","@id":"https:\/\/only4you.be\/club-libertin\/nl\/veel-gestelde-vragen-only-4-you\/#breadcrumb","itemListElement":[{"@type":"ListItem","position":1,"name":"Accueil","item":"https:\/\/only4you.be\/club-libertin\/"},{"@type":"ListItem","position":2,"name":"Veel Gestelde Vragen Only 4 You"}]},{"@type":"WebSite","@id":"https:\/\/only4you.be\/club-libertin\/nl\/#website","url":"https:\/\/only4you.be\/club-libertin\/nl\/","name":"Only 4 You","description":"Club Libertin","potentialAction":[{"@type":"SearchAction","target":{"@type":"EntryPoint","urlTemplate":"https:\/\/only4you.be\/club-libertin\/nl\/?s={search_term_string}"},"query-input":"required name=search_term_string"}],"inLanguage":"fr-FR"}]}},"_links":{"self":[{"href":"https:\/\/only4you.be\/club-libertin\/wp-json\/wp\/v2\/pages\/138"}],"collection":[{"href":"https:\/\/only4you.be\/club-libertin\/wp-json\/wp\/v2\/pages"}],"about":[{"href":"https:\/\/only4you.be\/club-libertin\/wp-json\/wp\/v2\/types\/page"}],"author":[{"embeddable":true,"href":"https:\/\/only4you.be\/club-libertin\/wp-json\/wp\/v2\/users\/5"}],"replies":[{"embeddable":true,"href":"https:\/\/only4you.be\/club-libertin\/wp-json\/wp\/v2\/comments?post=138"}],"version-history":[{"count":8,"href":"https:\/\/only4you.be\/club-libertin\/wp-json\/wp\/v2\/pages\/138\/revisions"}],"predecessor-version":[{"id":10460,"href":"https:\/\/only4you.be\/club-libertin\/wp-json\/wp\/v2\/pages\/138\/revisions\/10460"}],"wp:attachment":[{"href":"https:\/\/only4you.be\/club-libertin\/wp-json\/wp\/v2\/media?parent=138"}],"curies":[{"name":"wp","href":"https:\/\/api.w.org\/{rel}","templated":true}]}}